{"id":757,"date":"2023-08-17T01:57:31","date_gmt":"2023-08-17T01:57:31","guid":{"rendered":"https:\/\/alumet.es\/?page_id=757"},"modified":"2024-06-08T16:30:07","modified_gmt":"2024-06-08T16:30:07","slug":"cerramientos-de-aluminio","status":"publish","type":"page","link":"https:\/\/alumet.es\/en\/servicios\/cerramientos-de-aluminio\/","title":{"rendered":"Aluminum enclosures"},"content":{"rendered":"<div data-elementor-type=\"wp-page\" data-elementor-id=\"757\" class=\"elementor elementor-757\">\n\t\t\t\t\t\t<section class=\"has_eae_slider elementor-section elementor-top-section elementor-element elementor-element-4ec33bae elementor-section-full_width elementor-section-content-middle elementor-section-height-default elementor-section-height-default exad-glass-effect-no wpr-particle-no wpr-jarallax-no wpr-parallax-no wpr-sticky-section-no exad-sticky-section-no\" data-eae-slider=\"79935\" data-id=\"4ec33bae\" data-element_type=\"section\" data-e-type=\"section\" data-settings=\"{&quot;background_background&quot;:&quot;classic&quot;}\">\n\t\t\t\t\t\t<div class=\"elementor-container elementor-column-gap-no\">\n\t\t\t\t\t<div class=\"has_eae_slider elementor-column elementor-col-50 elementor-top-column elementor-element elementor-element-148fefba exad-sticky-section-no\" data-eae-slider=\"30284\" data-id=\"148fefba\" data-element_type=\"column\" data-e-type=\"column\" data-settings=\"{&quot;background_background&quot;:&quot;classic&quot;}\">\n\t\t\t<div class=\"elementor-widget-wrap elementor-element-populated\">\n\t\t\t\t\t<div class=\"elementor-background-overlay\"><\/div>\n\t\t\t\t\t\t<div class=\"elementor-element elementor-element-4c79dcc4 exad-sticky-section-no exad-glass-effect-no elementor-widget elementor-widget-heading\" data-id=\"4c79dcc4\" data-element_type=\"widget\" data-e-type=\"widget\" data-widget_type=\"heading.default\">\n\t\t\t\t<div class=\"elementor-widget-container\">\n\t\t\t\t\t<h1 class=\"elementor-heading-title elementor-size-default\">Aluminum and iron enclosures<\/h1>\t\t\t\t<\/div>\n\t\t\t\t<\/div>\n\t\t\t\t\t<\/div>\n\t\t<\/div>\n\t\t\t\t<div class=\"has_eae_slider elementor-column elementor-col-50 elementor-top-column elementor-element elementor-element-44db316c exad-glass-effect-no exad-sticky-section-no\" data-eae-slider=\"42042\" data-id=\"44db316c\" data-element_type=\"column\" data-e-type=\"column\">\n\t\t\t<div class=\"elementor-widget-wrap elementor-element-populated\">\n\t\t\t\t\t\t<div class=\"elementor-element elementor-element-7f08f9ae exad-sticky-section-no exad-glass-effect-no elementor-widget elementor-widget-text-editor\" data-id=\"7f08f9ae\" data-element_type=\"widget\" data-e-type=\"widget\" data-widget_type=\"text-editor.default\">\n\t\t\t\t<div class=\"elementor-widget-container\">\n\t\t\t\t\t\t\t\t\t<p><span style=\"font-weight: normal;\">Alumet offers specialized services in enclosures aluminum and iron, designed to improve and beautify their space. <br \/>\u00a1Update their environments today with the enclosures of Alumet!<\/span><\/p>\t\t\t\t\t\t\t\t<\/div>\n\t\t\t\t<\/div>\n\t\t\t\t<div class=\"elementor-element elementor-element-5ad6a19c exad-sticky-section-no exad-glass-effect-no elementor-widget elementor-widget-text-editor\" data-id=\"5ad6a19c\" data-element_type=\"widget\" data-e-type=\"widget\" data-widget_type=\"text-editor.default\">\n\t\t\t\t<div class=\"elementor-widget-container\">\n\t\t\t\t\t\t\t\t\t<p><b>Maximize your Space with Enclosures of Alumet<br \/><\/b>Do you wish to expand your living space? Discover how our enclosures can transform your outside areas and interior spaces comfortable and versatile, filled with natural light throughout the year.<\/p><p><b>Effective protection against Inclement Weather<br \/><\/b>Does the weather affect your comfort? Our enclosures provide an effective defense against the wind, the rain and the scorching sun, allowing you to enjoy your surroundings without weather concerns.<\/p><p><b>Safety and Style into a Single Package<br \/><\/b>Looking for a better security? Our enclosures not only add beauty to your home, but also provide an extra level of protection. Protect your swimming pool, balcony, or play area with our structures are sturdy and durable.<\/p><p><b>Custom-designed for your Unique Space<br \/><\/b>Do you want a custom design? In Alumet, we create enclosures to measure according to your preferences stylistic and functional. From modern to traditional, we transform your vision into a reality. Make the most of your space with Alumet.<\/p>\t\t\t\t\t\t\t\t<\/div>\n\t\t\t\t<\/div>\n\t\t\t\t<div class=\"elementor-element elementor-element-3e488c16 exad-sticky-section-no exad-glass-effect-no elementor-widget elementor-widget-text-editor\" data-id=\"3e488c16\" data-element_type=\"widget\" data-e-type=\"widget\" data-widget_type=\"text-editor.default\">\n\t\t\t\t<div class=\"elementor-widget-container\">\n\t\t\t\t\t\t\t\t\t<p><span style=\"font-weight: normal;\">From aluminum enclosures that provide an elegant aesthetic to structures of iron that emphasize safety, we will work with you to achieve the perfect solution. No matter what your requirement, the enclosures of Alumet will improve your space and your quality of life. I<\/span><a href=\"https:\/\/alumet.es\/en\/#956989119\" target=\"_blank\" rel=\"noopener\">Contact us\u00a0<\/a><span style=\"font-weight: normal;\">today for a custom consultation!<\/span><\/p>\t\t\t\t\t\t\t\t<\/div>\n\t\t\t\t<\/div>\n\t\t\t\t\t<\/div>\n\t\t<\/div>\n\t\t\t\t\t<\/div>\n\t\t<\/section>\n\t\t\t\t<section class=\"has_eae_slider elementor-section elementor-top-section elementor-element elementor-element-15589468 elementor-section-content-middle elementor-section-full_width elementor-section-height-default elementor-section-height-default exad-glass-effect-no wpr-particle-no wpr-jarallax-no wpr-parallax-no wpr-sticky-section-no exad-sticky-section-no\" data-eae-slider=\"60158\" data-id=\"15589468\" data-element_type=\"section\" data-e-type=\"section\" data-settings=\"{&quot;background_background&quot;:&quot;classic&quot;}\">\n\t\t\t\t\t\t\t<div class=\"elementor-background-overlay\"><\/div>\n\t\t\t\t\t\t\t<div class=\"elementor-container elementor-column-gap-default\">\n\t\t\t\t\t<div class=\"has_eae_slider elementor-column elementor-col-100 elementor-top-column elementor-element elementor-element-6dff5da8 exad-glass-effect-no exad-sticky-section-no\" data-eae-slider=\"42261\" data-id=\"6dff5da8\" data-element_type=\"column\" data-e-type=\"column\">\n\t\t\t<div class=\"elementor-widget-wrap elementor-element-populated\">\n\t\t\t\t\t\t<div class=\"elementor-element elementor-element-6fd37388 exad-sticky-section-no exad-glass-effect-no elementor-widget elementor-widget-heading\" data-id=\"6fd37388\" data-element_type=\"widget\" data-e-type=\"widget\" data-widget_type=\"heading.default\">\n\t\t\t\t<div class=\"elementor-widget-container\">\n\t\t\t\t\t<h3 class=\"elementor-heading-title elementor-size-default\">Do you feel like improving your space with enclosures<br>but still not sure?<\/h3>\t\t\t\t<\/div>\n\t\t\t\t<\/div>\n\t\t\t\t<div class=\"elementor-element elementor-element-5f82ea3f elementor-widget-divider--view-line exad-sticky-section-no exad-glass-effect-no elementor-widget elementor-widget-divider\" data-id=\"5f82ea3f\" data-element_type=\"widget\" data-e-type=\"widget\" data-widget_type=\"divider.default\">\n\t\t\t\t<div class=\"elementor-widget-container\">\n\t\t\t\t\t\t\t<div class=\"elementor-divider\">\n\t\t\t<span class=\"elementor-divider-separator\">\n\t\t\t\t\t\t<\/span>\n\t\t<\/div>\n\t\t\t\t\t\t<\/div>\n\t\t\t\t<\/div>\n\t\t\t\t<div class=\"elementor-element elementor-element-199df98 exad-sticky-section-no exad-glass-effect-no elementor-widget elementor-widget-text-editor\" data-id=\"199df98\" data-element_type=\"widget\" data-e-type=\"widget\" data-widget_type=\"text-editor.default\">\n\t\t\t\t<div class=\"elementor-widget-container\">\n\t\t\t\t\t\t\t\t\t<p>Ask an expert Alumet carpenter to get quick answers from a service in which your neighbors trust!<\/p>\t\t\t\t\t\t\t\t<\/div>\n\t\t\t\t<\/div>\n\t\t\t\t<div class=\"elementor-element elementor-element-762655ee elementor-align-center exad-sticky-section-no exad-glass-effect-no elementor-widget elementor-widget-button\" data-id=\"762655ee\" data-element_type=\"widget\" data-e-type=\"widget\" data-widget_type=\"button.default\">\n\t\t\t\t<div class=\"elementor-widget-container\">\n\t\t\t\t\t\t\t\t\t<div class=\"elementor-button-wrapper\">\n\t\t\t\t\t<a class=\"elementor-button elementor-button-link elementor-size-sm\" href=\"https:\/\/api.whatsapp.com\/send?phone=34604959739&#038;text=\">\n\t\t\t\t\t\t<span class=\"elementor-button-content-wrapper\">\n\t\t\t\t\t\t\t\t\t<span class=\"elementor-button-text\">Ask us<\/span>\n\t\t\t\t\t<\/span>\n\t\t\t\t\t<\/a>\n\t\t\t\t<\/div>\n\t\t\t\t\t\t\t\t<\/div>\n\t\t\t\t<\/div>\n\t\t\t\t\t<\/div>\n\t\t<\/div>\n\t\t\t\t\t<\/div>\n\t\t<\/section>\n\t\t\t\t<\/div>","protected":false},"excerpt":{"rendered":"<p>cerramientos de aluminio y hierro Alumet ofrece servicios especializados en cerramientos de aluminio y hierro, dise\u00f1ados para mejorar y embellecer su espacio. \u00a1Actualice sus ambientes hoy mismo con los cerramientos de Alumet! Maximice su Espacio con Cerramientos de Alumet \u00bfDesea ampliar su espacio habitable? Descubra c\u00f3mo nuestros cerramientos pueden transformar sus \u00e1reas exteriores e interiores en espacios c\u00f3modos y vers\u00e1tiles, llenos de luz natural durante todo el a\u00f1o. Protecci\u00f3n Efectiva contra las Inclemencias del Tiempo \u00bfLa intemperie afecta su confort? Nuestros cerramientos ofrecen una defensa efectiva contra el viento, la lluvia y el sol abrasador, permiti\u00e9ndole disfrutar de su entorno sin preocupaciones clim\u00e1ticas. Seguridad y Estilo en un Solo Paquete \u00bfBusca una mayor seguridad? Nuestros cerramientos no solo agregan belleza a su hogar, sino que tambi\u00e9n ofrecen un nivel adicional de protecci\u00f3n. Proteja su piscina, balc\u00f3n o \u00e1rea de juegos con nuestras estructuras resistentes y duraderas. Dise\u00f1o Personalizado para su Espacio \u00danico \u00bfQuiere un dise\u00f1o personalizado? En Alumet, creamos cerramientos a medida seg\u00fan sus preferencias estil\u00edsticas y funcionales. Desde modernos hasta tradicionales, transformamos su visi\u00f3n en una realidad palpable. Aproveche al m\u00e1ximo su espacio con Alumet. Desde cerramientos de aluminio que proporcionan una est\u00e9tica elegante hasta estructuras de hierro que enfatizan la seguridad, trabajaremos con usted para lograr la soluci\u00f3n perfecta. No importa cu\u00e1l sea su requerimiento, los cerramientos de Alumet mejorar\u00e1n su espacio y su calidad de vida. \u00a1Cont\u00e1ctenos\u00a0hoy mismo para una consulta personalizada! \u00bfConsidera mejorar sus espacios con cerramientos pero a\u00fan no est\u00e1 seguro? \u00a1Pregunte a un carpintero experto de Alumet para obtener respuestas r\u00e1pidas de un servicio en el que sus vecinos conf\u00eden! Consultar<\/p>","protected":false},"author":1,"featured_media":0,"parent":183,"menu_order":0,"comment_status":"closed","ping_status":"closed","template":"","meta":{"site-sidebar-layout":"default","site-content-layout":"","ast-site-content-layout":"default","site-content-style":"default","site-sidebar-style":"default","ast-global-header-display":"","ast-banner-title-visibility":"","ast-main-header-display":"","ast-hfb-above-header-display":"","ast-hfb-below-header-display":"","ast-hfb-mobile-header-display":"","site-post-title":"","ast-breadcrumbs-content":"","ast-featured-img":"","footer-sml-layout":"","ast-disable-related-posts":"","theme-transparent-header-meta":"","adv-header-id-meta":"","stick-header-meta":"","header-above-stick-meta":"","header-main-stick-meta":"","header-below-stick-meta":"","astra-migrate-meta-layouts":"default","ast-page-background-enabled":"default","ast-page-background-meta":{"desktop":{"background-color":"var(--ast-global-color-4)","background-image":"","background-repeat":"repeat","background-position":"center center","background-size":"auto","background-attachment":"scroll","background-type":"","background-media":"","overlay-type":"","overlay-color":"","overlay-opacity":"","overlay-gradient":""},"tablet":{"background-color":"","background-image":"","background-repeat":"repeat","background-position":"center center","background-size":"auto","background-attachment":"scroll","background-type":"","background-media":"","overlay-type":"","overlay-color":"","overlay-opacity":"","overlay-gradient":""},"mobile":{"background-color":"","background-image":"","background-repeat":"repeat","background-position":"center center","background-size":"auto","background-attachment":"scroll","background-type":"","background-media":"","overlay-type":"","overlay-color":"","overlay-opacity":"","overlay-gradient":""}},"ast-content-background-meta":{"desktop":{"background-color":"var(--ast-global-color-5)","background-image":"","background-repeat":"repeat","background-position":"center center","background-size":"auto","background-attachment":"scroll","background-type":"","background-media":"","overlay-type":"","overlay-color":"","overlay-opacity":"","overlay-gradient":""},"tablet":{"background-color":"var(--ast-global-color-5)","background-image":"","background-repeat":"repeat","background-position":"center center","background-size":"auto","background-attachment":"scroll","background-type":"","background-media":"","overlay-type":"","overlay-color":"","overlay-opacity":"","overlay-gradient":""},"mobile":{"background-color":"var(--ast-global-color-5)","background-image":"","background-repeat":"repeat","background-position":"center center","background-size":"auto","background-attachment":"scroll","background-type":"","background-media":"","overlay-type":"","overlay-color":"","overlay-opacity":"","overlay-gradient":""}},"footnotes":""},"class_list":["post-757","page","type-page","status-publish","hentry"],"yoast_head":"<!-- This site is optimized with the Yoast SEO plugin v27.0 - https:\/\/yoast.com\/product\/yoast-seo-wordpress\/ -->\n<title>Cerramientos de aluminio | Alumet.es<\/title>\n<meta name=\"description\" content=\"cerramientos de aluminio y hierro Alumet ofrece servicios especializados en cerramientos de aluminio y hierro, dise\u00f1ados para mejorar y embellecer su\" \/>\n<meta name=\"robots\" content=\"index, follow, max-snippet:-1, max-image-preview:large, max-video-preview:-1\" \/>\n<link rel=\"canonical\" href=\"https:\/\/alumet.es\/en\/servicios\/cerramientos-de-aluminio\/\" \/>\n<meta property=\"og:locale\" content=\"en_GB\" \/>\n<meta property=\"og:type\" content=\"article\" \/>\n<meta property=\"og:title\" content=\"Cerramientos de aluminio | Alumet.es\" \/>\n<meta property=\"og:description\" content=\"cerramientos de aluminio y hierro Alumet ofrece servicios especializados en cerramientos de aluminio y hierro, dise\u00f1ados para mejorar y embellecer su\" \/>\n<meta property=\"og:url\" content=\"https:\/\/alumet.es\/en\/servicios\/cerramientos-de-aluminio\/\" \/>\n<meta property=\"og:site_name\" content=\"Alumet\" \/>\n<meta property=\"article:modified_time\" content=\"2024-06-08T16:30:07+00:00\" \/>\n<meta property=\"og:image\" content=\"https:\/\/alumet.es\/wp-content\/uploads\/2024\/04\/WhatsApp-Image-2024-04-06-at-16.42.42_f3666a6b.jpg\" \/>\n\t<meta property=\"og:image:width\" content=\"2040\" \/>\n\t<meta property=\"og:image:height\" content=\"1536\" \/>\n\t<meta property=\"og:image:type\" content=\"image\/jpeg\" \/>\n<meta name=\"twitter:card\" content=\"summary_large_image\" \/>\n<meta name=\"twitter:label1\" content=\"Estimated reading time\" \/>\n\t<meta name=\"twitter:data1\" content=\"2 minutes\" \/>\n<script type=\"application\/ld+json\" class=\"yoast-schema-graph\">{\"@context\":\"https:\/\/schema.org\",\"@graph\":[{\"@type\":\"WebPage\",\"@id\":\"https:\/\/alumet.es\/servicios\/cerramientos-de-aluminio\/\",\"url\":\"https:\/\/alumet.es\/servicios\/cerramientos-de-aluminio\/\",\"name\":\"Cerramientos de aluminio | Alumet.es\",\"isPartOf\":{\"@id\":\"https:\/\/alumet.es\/#website\"},\"datePublished\":\"2023-08-17T01:57:31+00:00\",\"dateModified\":\"2024-06-08T16:30:07+00:00\",\"description\":\"cerramientos de aluminio y hierro Alumet ofrece servicios especializados en cerramientos de aluminio y hierro, dise\u00f1ados para mejorar y embellecer su\",\"breadcrumb\":{\"@id\":\"https:\/\/alumet.es\/servicios\/cerramientos-de-aluminio\/#breadcrumb\"},\"inLanguage\":\"en-GB\",\"potentialAction\":[{\"@type\":\"ReadAction\",\"target\":[\"https:\/\/alumet.es\/servicios\/cerramientos-de-aluminio\/\"]}]},{\"@type\":\"BreadcrumbList\",\"@id\":\"https:\/\/alumet.es\/servicios\/cerramientos-de-aluminio\/#breadcrumb\",\"itemListElement\":[{\"@type\":\"ListItem\",\"position\":1,\"name\":\"Portada\",\"item\":\"https:\/\/alumet.es\/\"},{\"@type\":\"ListItem\",\"position\":2,\"name\":\"Nuestros servicios\",\"item\":\"https:\/\/alumet.es\/servicios\/\"},{\"@type\":\"ListItem\",\"position\":3,\"name\":\"Cerramientos de aluminio\"}]},{\"@type\":\"WebSite\",\"@id\":\"https:\/\/alumet.es\/#website\",\"url\":\"https:\/\/alumet.es\/\",\"name\":\"Carpinter\u00eda de Aluminio y Met\u00e1lica en Alicante\",\"description\":\"Carpinteria de aluminio en Alicante. Ventanas, puertas y persianas en Aluminio. Reparaciones de Aluminio, Hierro y Acero Inoxidable. Calidad garantizada.\",\"publisher\":{\"@id\":\"https:\/\/alumet.es\/#organization\"},\"potentialAction\":[{\"@type\":\"SearchAction\",\"target\":{\"@type\":\"EntryPoint\",\"urlTemplate\":\"https:\/\/alumet.es\/?s={search_term_string}\"},\"query-input\":{\"@type\":\"PropertyValueSpecification\",\"valueRequired\":true,\"valueName\":\"search_term_string\"}}],\"inLanguage\":\"en-GB\"},{\"@type\":\"Organization\",\"@id\":\"https:\/\/alumet.es\/#organization\",\"name\":\"Alumet\",\"url\":\"https:\/\/alumet.es\/\",\"logo\":{\"@type\":\"ImageObject\",\"inLanguage\":\"en-GB\",\"@id\":\"https:\/\/alumet.es\/#\/schema\/logo\/image\/\",\"url\":\"https:\/\/alumet.es\/wp-content\/uploads\/2024\/01\/cropped-alumet.png\",\"contentUrl\":\"https:\/\/alumet.es\/wp-content\/uploads\/2024\/01\/cropped-alumet.png\",\"width\":127,\"height\":118,\"caption\":\"Alumet\"},\"image\":{\"@id\":\"https:\/\/alumet.es\/#\/schema\/logo\/image\/\"}}]}<\/script>\n<!-- \/ Yoast SEO plugin. -->","yoast_head_json":{"title":"Cerramientos de aluminio | Alumet.es","description":"cerramientos de aluminio y hierro Alumet ofrece servicios especializados en cerramientos de aluminio y hierro, dise\u00f1ados para mejorar y embellecer su","robots":{"index":"index","follow":"follow","max-snippet":"max-snippet:-1","max-image-preview":"max-image-preview:large","max-video-preview":"max-video-preview:-1"},"canonical":"https:\/\/alumet.es\/en\/servicios\/cerramientos-de-aluminio\/","og_locale":"en_GB","og_type":"article","og_title":"Cerramientos de aluminio | Alumet.es","og_description":"cerramientos de aluminio y hierro Alumet ofrece servicios especializados en cerramientos de aluminio y hierro, dise\u00f1ados para mejorar y embellecer su","og_url":"https:\/\/alumet.es\/en\/servicios\/cerramientos-de-aluminio\/","og_site_name":"Alumet","article_modified_time":"2024-06-08T16:30:07+00:00","og_image":[{"width":2040,"height":1536,"url":"https:\/\/alumet.es\/wp-content\/uploads\/2024\/04\/WhatsApp-Image-2024-04-06-at-16.42.42_f3666a6b.jpg","type":"image\/jpeg"}],"twitter_card":"summary_large_image","twitter_misc":{"Estimated reading time":"2 minutes"},"schema":{"@context":"https:\/\/schema.org","@graph":[{"@type":"WebPage","@id":"https:\/\/alumet.es\/servicios\/cerramientos-de-aluminio\/","url":"https:\/\/alumet.es\/servicios\/cerramientos-de-aluminio\/","name":"Cerramientos de aluminio | Alumet.es","isPartOf":{"@id":"https:\/\/alumet.es\/#website"},"datePublished":"2023-08-17T01:57:31+00:00","dateModified":"2024-06-08T16:30:07+00:00","description":"cerramientos de aluminio y hierro Alumet ofrece servicios especializados en cerramientos de aluminio y hierro, dise\u00f1ados para mejorar y embellecer su","breadcrumb":{"@id":"https:\/\/alumet.es\/servicios\/cerramientos-de-aluminio\/#breadcrumb"},"inLanguage":"en-GB","potentialAction":[{"@type":"ReadAction","target":["https:\/\/alumet.es\/servicios\/cerramientos-de-aluminio\/"]}]},{"@type":"BreadcrumbList","@id":"https:\/\/alumet.es\/servicios\/cerramientos-de-aluminio\/#breadcrumb","itemListElement":[{"@type":"ListItem","position":1,"name":"Portada","item":"https:\/\/alumet.es\/"},{"@type":"ListItem","position":2,"name":"Nuestros servicios","item":"https:\/\/alumet.es\/servicios\/"},{"@type":"ListItem","position":3,"name":"Cerramientos de aluminio"}]},{"@type":"WebSite","@id":"https:\/\/alumet.es\/#website","url":"https:\/\/alumet.es\/","name":"Carpinter\u00eda de Aluminio y Met\u00e1lica en Alicante","description":"Carpinteria de aluminio en Alicante. Ventanas, puertas y persianas en Aluminio. Reparaciones de Aluminio, Hierro y Acero Inoxidable. Calidad garantizada.","publisher":{"@id":"https:\/\/alumet.es\/#organization"},"potentialAction":[{"@type":"SearchAction","target":{"@type":"EntryPoint","urlTemplate":"https:\/\/alumet.es\/?s={search_term_string}"},"query-input":{"@type":"PropertyValueSpecification","valueRequired":true,"valueName":"search_term_string"}}],"inLanguage":"en-GB"},{"@type":"Organization","@id":"https:\/\/alumet.es\/#organization","name":"Alumet","url":"https:\/\/alumet.es\/","logo":{"@type":"ImageObject","inLanguage":"en-GB","@id":"https:\/\/alumet.es\/#\/schema\/logo\/image\/","url":"https:\/\/alumet.es\/wp-content\/uploads\/2024\/01\/cropped-alumet.png","contentUrl":"https:\/\/alumet.es\/wp-content\/uploads\/2024\/01\/cropped-alumet.png","width":127,"height":118,"caption":"Alumet"},"image":{"@id":"https:\/\/alumet.es\/#\/schema\/logo\/image\/"}}]}},"_links":{"self":[{"href":"https:\/\/alumet.es\/en\/wp-json\/wp\/v2\/pages\/757","targetHints":{"allow":["GET"]}}],"collection":[{"href":"https:\/\/alumet.es\/en\/wp-json\/wp\/v2\/pages"}],"about":[{"href":"https:\/\/alumet.es\/en\/wp-json\/wp\/v2\/types\/page"}],"author":[{"embeddable":true,"href":"https:\/\/alumet.es\/en\/wp-json\/wp\/v2\/users\/1"}],"replies":[{"embeddable":true,"href":"https:\/\/alumet.es\/en\/wp-json\/wp\/v2\/comments?post=757"}],"version-history":[{"count":52,"href":"https:\/\/alumet.es\/en\/wp-json\/wp\/v2\/pages\/757\/revisions"}],"predecessor-version":[{"id":4693,"href":"https:\/\/alumet.es\/en\/wp-json\/wp\/v2\/pages\/757\/revisions\/4693"}],"up":[{"embeddable":true,"href":"https:\/\/alumet.es\/en\/wp-json\/wp\/v2\/pages\/183"}],"wp:attachment":[{"href":"https:\/\/alumet.es\/en\/wp-json\/wp\/v2\/media?parent=757"}],"curies":[{"name":"wp","href":"https:\/\/api.w.org\/{rel}","templated":true}]}}