{"id":634,"date":"2023-08-16T14:28:43","date_gmt":"2023-08-16T14:28:43","guid":{"rendered":"https:\/\/alumet.es\/?page_id=634"},"modified":"2024-08-18T17:17:32","modified_gmt":"2024-08-18T17:17:32","slug":"carpinteria-de-aluminio","status":"publish","type":"page","link":"https:\/\/alumet.es\/en\/servicios\/carpinteria-de-aluminio\/","title":{"rendered":"Aluminum carpentry"},"content":{"rendered":"<div data-elementor-type=\"wp-page\" data-elementor-id=\"634\" class=\"elementor elementor-634\">\n\t\t\t\t\t\t<section class=\"has_eae_slider elementor-section elementor-top-section elementor-element elementor-element-43fb680 elementor-section-full_width elementor-section-height-default elementor-section-height-default exad-glass-effect-no wpr-particle-no wpr-jarallax-no wpr-parallax-no wpr-sticky-section-no exad-sticky-section-no\" data-eae-slider=\"48549\" data-id=\"43fb680\" data-element_type=\"section\" data-e-type=\"section\">\n\t\t\t\t\t\t<div class=\"elementor-container elementor-column-gap-default\">\n\t\t\t\t\t<div class=\"has_eae_slider elementor-column elementor-col-100 elementor-top-column elementor-element elementor-element-b0bba9e exad-glass-effect-no exad-sticky-section-no\" data-eae-slider=\"90404\" data-id=\"b0bba9e\" data-element_type=\"column\" data-e-type=\"column\">\n\t\t\t<div class=\"elementor-widget-wrap elementor-element-populated\">\n\t\t\t\t\t\t<div class=\"elementor-element elementor-element-5bbd5d5 wpr-promo-box-style-cover exad-sticky-section-no exad-glass-effect-no elementor-widget elementor-widget-wpr-promo-box\" data-id=\"5bbd5d5\" data-element_type=\"widget\" data-e-type=\"widget\" data-widget_type=\"wpr-promo-box.default\">\n\t\t\t\t<div class=\"elementor-widget-container\">\n\t\t\t\t\t\n\t\t<div class=\"wpr-promo-box wpr-animation-wrap\">\n\n\t\t\t\t\t\t\t\n\t\t\t\t\t\t\t<div class=\"wpr-promo-box-image\">\n\t\t\t\t\t<div class=\"wpr-promo-box-bg-image wpr-bg-anim-zoom-in wpr-anim-timing-ease-default\" style=\"background-image:url(https:\/\/alumet.es\/wp-content\/uploads\/2023\/09\/WhatsApp-Image-2023-09-01-at-08.31.55.jpeg);\"><\/div>\n\t\t\t\t\t<div class=\"wpr-promo-box-bg-overlay wpr-border-anim-oscar\"><\/div>\n\t\t\t\t<\/div>\n\t\t\t\t\t\t\n\t\t\t<div class=\"wpr-promo-box-content\">\n\n\t\t\t\t\t\t\t\t<div class=\"wpr-promo-box-icon\">\n\t\t\t\t\t\t\t\t\t<\/div>\n\t\t\t\t\n\t\t\t\t<h1 class=\"wpr-promo-box-title\"><span>Carpinter\u00eda de Aluminio<\/span><\/h1>\n\t\t\t\t\n\t\t\t\t\t\t\t<\/div>\n\n\t\t\t\t\t<\/div>\n\n\t\t\t\t\t\t<\/div>\n\t\t\t\t<\/div>\n\t\t\t\t\t<\/div>\n\t\t<\/div>\n\t\t\t\t\t<\/div>\n\t\t<\/section>\n\t\t\t\t<section class=\"has_eae_slider elementor-section elementor-top-section elementor-element elementor-element-86e709e elementor-section-content-middle elementor-section-full_width elementor-section-height-default elementor-section-height-default exad-glass-effect-no wpr-particle-no wpr-jarallax-no wpr-parallax-no wpr-sticky-section-no exad-sticky-section-no\" data-eae-slider=\"88469\" data-id=\"86e709e\" data-element_type=\"section\" data-e-type=\"section\" data-settings=\"{&quot;background_background&quot;:&quot;classic&quot;}\">\n\t\t\t\t\t\t<div class=\"elementor-container elementor-column-gap-no\">\n\t\t\t\t\t<div class=\"has_eae_slider elementor-column elementor-col-100 elementor-top-column elementor-element elementor-element-f55404b exad-glass-effect-no exad-sticky-section-no\" data-eae-slider=\"79256\" data-id=\"f55404b\" data-element_type=\"column\" data-e-type=\"column\">\n\t\t\t<div class=\"elementor-widget-wrap elementor-element-populated\">\n\t\t\t\t\t\t<div class=\"elementor-element elementor-element-bd9a139 exad-sticky-section-no exad-glass-effect-no elementor-widget elementor-widget-html\" data-id=\"bd9a139\" data-element_type=\"widget\" data-e-type=\"widget\" data-widget_type=\"html.default\">\n\t\t\t\t<div class=\"elementor-widget-container\">\n\t\t\t\t\t<!DOCTYPE html>\r\n<html lang=\"es\">\r\n<head>\r\n    <meta charset=\"UTF-8\">\r\n    <meta name=\"viewport\" content=\"width=device-width, initial-scale=1.0\">\r\n    <meta name=\"description\" content=\"Carpinter\u00eda en Aluminio\">\r\n    <title>Carpinter\u00eda en Aluminio | Alumet<\/title>\r\n<\/head>\r\n<body>\r\n    <h2>\u00bfVentanas y Puertas de <a href=\"https:\/\/alumet.es\/en\/nuestros-trabajos\/aluminio\/\">Aluminum <\/a>con Problemas? Alumet Tiene la Soluci\u00f3n<\/h2>\r\n        <p>Experiencing problems with the aluminum windows and doors in your home or office can be both annoying and costly if not addressed on time. In Alumet, we are here to help and offer efficient solutions to your needs of aluminium joinery.<\/p>\r\n\r\n        <h2>Dificultades al intentar Abrir o Cerrar Aberturas de Aluminio<\/h2>\r\n        <p>If you are facing difficulties when you open or close your windows and doors from aluminium, it is time to act. This could be a sign of problems in the mechanisms of operation that, if left without repair, can worsen over time. Our experts at carpentry of aluminum can solve this problem effectively.<\/p>\r\n\r\n        <h3>Leakage of air or water<\/h3>\r\n        <p>The leakage of air or water around your windows and doors indicate a sealed inappropriate in the aluminium structures, which can affect the energy efficiency and damage to your interior. Alumet can detect and fix these leaks, ensuring a comfortable and secure atmosphere in your home or office.<\/p>\r\n\r\n        <h3>Aesthetic deterioration<\/h3>\r\n        <p>Despite its durability, aluminum structures can suffer cosmetic damage over time due to exposure to the elements. If you notice corrosion, discoloration or deformation, our experts in carpentry can revitalize and restore the original look of your aluminum elements.<\/p>\r\n\r\n        <img decoding=\"async\" src=\"https:\/\/alumet.es\/wp-content\/uploads\/2023\/09\/WhatsApp-Image-2023-09-01-at-08.26.06.jpeg\" alt=\"Reparaci\u00f3n de estructuras de aluminio\" style=\"display: block; width:50%; margin: 0 auto; border-radius:10px; margin-top:40px; margin-bottom:40px;\">\r\n\r\n        <h2>Mejorando Est\u00e9tica y Funcionalidad con Carpinter\u00eda de Aluminio<\/h2>\r\n        <p>If you are looking to improve the aesthetics and functionality of your space, Alumet offers custom solutions to renew windows, doors, fences and more. Our professionals can advise you on the best options that suit your needs and preferences, transforming your home or office.<\/p>\r\n    <\/div>\r\n\r\n    <footer>\r\n        En Alumet, brindamos un servicio excepcional de carpinter\u00eda especializada en trabajos con aluminio. Le invitamos a solicitar hoy mismo la realizaci\u00f3n de sus proyectos en estos materiales. Nuestros expertos en aluminio eval\u00faan sus elementos y le ofrecen orientaci\u00f3n antes de hacer cualquier <a href=\"https:\/\/alumet.es\/en\/nuestros-trabajos\/\">trabajo<\/a>. Cont\u00e1ctenos hoy para mantener sus estructuras de aluminio en su mejor estado. \u00a1Conf\u00ede en nosotros para transformarlas y renovarlas!\r\n    <\/footer>\r\n\r\n<\/body>\r\n<\/html>\r\n\t\t\t\t<\/div>\n\t\t\t\t<\/div>\n\t\t\t\t\t<\/div>\n\t\t<\/div>\n\t\t\t\t\t<\/div>\n\t\t<\/section>\n\t\t\t\t<section class=\"has_eae_slider elementor-section elementor-top-section elementor-element elementor-element-0fb404f elementor-section-content-middle elementor-section-full_width elementor-section-height-default elementor-section-height-default exad-glass-effect-no wpr-particle-no wpr-jarallax-no wpr-parallax-no wpr-sticky-section-no exad-sticky-section-no\" data-eae-slider=\"34416\" data-id=\"0fb404f\" data-element_type=\"section\" data-e-type=\"section\" data-settings=\"{&quot;background_background&quot;:&quot;classic&quot;}\">\n\t\t\t\t\t\t\t<div class=\"elementor-background-overlay\"><\/div>\n\t\t\t\t\t\t\t<div class=\"elementor-container elementor-column-gap-default\">\n\t\t\t\t\t<div class=\"has_eae_slider elementor-column elementor-col-100 elementor-top-column elementor-element elementor-element-c20f6f1 exad-glass-effect-no exad-sticky-section-no\" data-eae-slider=\"77927\" data-id=\"c20f6f1\" data-element_type=\"column\" data-e-type=\"column\">\n\t\t\t<div class=\"elementor-widget-wrap elementor-element-populated\">\n\t\t\t\t\t\t<div class=\"elementor-element elementor-element-010a5f9 exad-sticky-section-no exad-glass-effect-no elementor-widget elementor-widget-heading\" data-id=\"010a5f9\" data-element_type=\"widget\" data-e-type=\"widget\" data-widget_type=\"heading.default\">\n\t\t\t\t<div class=\"elementor-widget-container\">\n\t\t\t\t\t<p class=\"elementor-heading-title elementor-size-default\">Do you think that your aluminum structures<br \/>\nthey may need care but still not sure?<\/p>\t\t\t\t<\/div>\n\t\t\t\t<\/div>\n\t\t\t\t<div class=\"elementor-element elementor-element-0063758 elementor-widget-divider--view-line exad-sticky-section-no exad-glass-effect-no elementor-widget elementor-widget-divider\" data-id=\"0063758\" data-element_type=\"widget\" data-e-type=\"widget\" data-widget_type=\"divider.default\">\n\t\t\t\t<div class=\"elementor-widget-container\">\n\t\t\t\t\t\t\t<div class=\"elementor-divider\">\n\t\t\t<span class=\"elementor-divider-separator\">\n\t\t\t\t\t\t<\/span>\n\t\t<\/div>\n\t\t\t\t\t\t<\/div>\n\t\t\t\t<\/div>\n\t\t\t\t<div class=\"elementor-element elementor-element-627a58c elementor-widget-mobile__width-initial exad-sticky-section-no exad-glass-effect-no elementor-widget elementor-widget-text-editor\" data-id=\"627a58c\" data-element_type=\"widget\" data-e-type=\"widget\" data-widget_type=\"text-editor.default\">\n\t\t\t\t<div class=\"elementor-widget-container\">\n\t\t\t\t\t\t\t\t\t<p>Ask an expert Alumet carpenter to get quick answers from a service in which your neighbors trust!<\/p>\t\t\t\t\t\t\t\t<\/div>\n\t\t\t\t<\/div>\n\t\t\t\t<div class=\"elementor-element elementor-element-289a549 elementor-align-center exad-sticky-section-no exad-glass-effect-no elementor-widget elementor-widget-button\" data-id=\"289a549\" data-element_type=\"widget\" data-e-type=\"widget\" data-widget_type=\"button.default\">\n\t\t\t\t<div class=\"elementor-widget-container\">\n\t\t\t\t\t\t\t\t\t<div class=\"elementor-button-wrapper\">\n\t\t\t\t\t<a class=\"elementor-button elementor-button-link elementor-size-sm\" href=\"https:\/\/api.whatsapp.com\/send?phone=34604959739&#038;text=\">\n\t\t\t\t\t\t<span class=\"elementor-button-content-wrapper\">\n\t\t\t\t\t\t\t\t\t<span class=\"elementor-button-text\">Ask us<\/span>\n\t\t\t\t\t<\/span>\n\t\t\t\t\t<\/a>\n\t\t\t\t<\/div>\n\t\t\t\t\t\t\t\t<\/div>\n\t\t\t\t<\/div>\n\t\t\t\t\t<\/div>\n\t\t<\/div>\n\t\t\t\t\t<\/div>\n\t\t<\/section>\n\t\t\t\t<\/div>","protected":false},"excerpt":{"rendered":"<p>Carpinter\u00eda de Aluminio Carpinter\u00eda en Aluminio | Alumet \u00bfVentanas y Puertas de Aluminio con Problemas? Alumet Tiene la Soluci\u00f3n Experimentar problemas con las ventanas y puertas de aluminio en su hogar u oficina puede ser molesto y costoso si no se atienden a tiempo. En Alumet, estamos aqu\u00ed para ayudar y ofrecer soluciones eficientes a sus necesidades de carpinter\u00eda de aluminio. Dificultades al intentar Abrir o Cerrar Aberturas de Aluminio Si enfrenta dificultades al abrir o cerrar sus ventanas y puertas de aluminio, es hora de actuar. Esto podr\u00eda ser un signo de problemas en los mecanismos de funcionamiento que, si se dejan sin reparar, pueden empeorar con el tiempo. Nuestros expertos en carpinter\u00eda de aluminio pueden resolver este problema de manera eficaz. Filtraciones de Aire o Agua Las filtraciones de aire o agua alrededor de sus ventanas y puertas indican un sellado inadecuado en las estructuras de aluminio, lo que puede afectar la eficiencia energ\u00e9tica y da\u00f1ar su interior. Alumet puede detectar y corregir estas fugas, asegurando un ambiente c\u00f3modo y seguro en su hogar u oficina. Deterioro Est\u00e9tico A pesar de su durabilidad, las estructuras de aluminio pueden sufrir da\u00f1os est\u00e9ticos con el tiempo debido a la exposici\u00f3n a los elementos. Si nota corrosi\u00f3n, decoloraci\u00f3n o deformaciones, nuestros expertos en carpinter\u00eda pueden revitalizar y restaurar la apariencia original de sus elementos de aluminio. Mejorando Est\u00e9tica y Funcionalidad con Carpinter\u00eda de Aluminio Si busca mejorar la est\u00e9tica y funcionalidad de su espacio, Alumet ofrece soluciones personalizadas para renovar ventanas, puertas, cercas y m\u00e1s. Nuestros profesionales pueden asesorarle sobre las mejores opciones que se adapten a sus necesidades y preferencias, transformando su hogar u oficina. En Alumet, brindamos un servicio excepcional de carpinter\u00eda especializada en trabajos con aluminio. Le invitamos a solicitar hoy mismo la realizaci\u00f3n de sus proyectos en estos materiales. Nuestros expertos en aluminio eval\u00faan sus elementos y le ofrecen orientaci\u00f3n antes de hacer cualquier trabajo. Cont\u00e1ctenos hoy para mantener sus estructuras de aluminio en su mejor estado. \u00a1Conf\u00ede en nosotros para transformarlas y renovarlas! \u00bfCree que sus estructuras de aluminio pueden necesitar atenci\u00f3n pero a\u00fan no est\u00e1 seguro? \u00a1Pregunte a un carpintero experto de Alumet para obtener respuestas r\u00e1pidas de un servicio en el que sus vecinos conf\u00eden! Consultar<\/p>","protected":false},"author":1,"featured_media":0,"parent":183,"menu_order":0,"comment_status":"closed","ping_status":"closed","template":"","meta":{"site-sidebar-layout":"default","site-content-layout":"","ast-site-content-layout":"default","site-content-style":"default","site-sidebar-style":"default","ast-global-header-display":"","ast-banner-title-visibility":"","ast-main-header-display":"","ast-hfb-above-header-display":"","ast-hfb-below-header-display":"","ast-hfb-mobile-header-display":"","site-post-title":"","ast-breadcrumbs-content":"","ast-featured-img":"","footer-sml-layout":"","ast-disable-related-posts":"","theme-transparent-header-meta":"","adv-header-id-meta":"","stick-header-meta":"","header-above-stick-meta":"","header-main-stick-meta":"","header-below-stick-meta":"","astra-migrate-meta-layouts":"default","ast-page-background-enabled":"default","ast-page-background-meta":{"desktop":{"background-color":"var(--ast-global-color-4)","background-image":"","background-repeat":"repeat","background-position":"center center","background-size":"auto","background-attachment":"scroll","background-type":"","background-media":"","overlay-type":"","overlay-color":"","overlay-opacity":"","overlay-gradient":""},"tablet":{"background-color":"","background-image":"","background-repeat":"repeat","background-position":"center center","background-size":"auto","background-attachment":"scroll","background-type":"","background-media":"","overlay-type":"","overlay-color":"","overlay-opacity":"","overlay-gradient":""},"mobile":{"background-color":"","background-image":"","background-repeat":"repeat","background-position":"center center","background-size":"auto","background-attachment":"scroll","background-type":"","background-media":"","overlay-type":"","overlay-color":"","overlay-opacity":"","overlay-gradient":""}},"ast-content-background-meta":{"desktop":{"background-color":"var(--ast-global-color-5)","background-image":"","background-repeat":"repeat","background-position":"center center","background-size":"auto","background-attachment":"scroll","background-type":"","background-media":"","overlay-type":"","overlay-color":"","overlay-opacity":"","overlay-gradient":""},"tablet":{"background-color":"var(--ast-global-color-5)","background-image":"","background-repeat":"repeat","background-position":"center center","background-size":"auto","background-attachment":"scroll","background-type":"","background-media":"","overlay-type":"","overlay-color":"","overlay-opacity":"","overlay-gradient":""},"mobile":{"background-color":"var(--ast-global-color-5)","background-image":"","background-repeat":"repeat","background-position":"center center","background-size":"auto","background-attachment":"scroll","background-type":"","background-media":"","overlay-type":"","overlay-color":"","overlay-opacity":"","overlay-gradient":""}},"footnotes":""},"class_list":["post-634","page","type-page","status-publish","hentry"],"yoast_head":"<!-- This site is optimized with the Yoast SEO plugin v27.0 - https:\/\/yoast.com\/product\/yoast-seo-wordpress\/ -->\n<title>Carpinter\u00eda de aluminio | Alumet.es<\/title>\n<meta name=\"description\" content=\"Carpinter\u00eda de Aluminio Carpinter\u00eda en Aluminio | Alumet \u00bfVentanas y Puertas de Aluminio con Problemas? Alumet Tiene la Soluci\u00f3n Experimentar problemas\" \/>\n<meta name=\"robots\" content=\"index, follow, max-snippet:-1, max-image-preview:large, max-video-preview:-1\" \/>\n<link rel=\"canonical\" href=\"https:\/\/alumet.es\/en\/servicios\/carpinteria-de-aluminio\/\" \/>\n<meta property=\"og:locale\" content=\"en_GB\" \/>\n<meta property=\"og:type\" content=\"article\" \/>\n<meta property=\"og:title\" content=\"Carpinter\u00eda de aluminio | Alumet.es\" \/>\n<meta property=\"og:description\" content=\"Carpinter\u00eda de Aluminio Carpinter\u00eda en Aluminio | Alumet \u00bfVentanas y Puertas de Aluminio con Problemas? Alumet Tiene la Soluci\u00f3n Experimentar problemas\" \/>\n<meta property=\"og:url\" content=\"https:\/\/alumet.es\/en\/servicios\/carpinteria-de-aluminio\/\" \/>\n<meta property=\"og:site_name\" content=\"Alumet\" \/>\n<meta property=\"article:modified_time\" content=\"2024-08-18T17:17:32+00:00\" \/>\n<meta property=\"og:image\" content=\"https:\/\/alumet.es\/wp-content\/uploads\/2023\/09\/WhatsApp-Image-2023-09-01-at-08.26.06.jpeg\" \/>\n<meta name=\"twitter:card\" content=\"summary_large_image\" \/>\n<meta name=\"twitter:label1\" content=\"Estimated reading time\" \/>\n\t<meta name=\"twitter:data1\" content=\"2 minutes\" \/>\n<script type=\"application\/ld+json\" class=\"yoast-schema-graph\">{\"@context\":\"https:\/\/schema.org\",\"@graph\":[{\"@type\":\"WebPage\",\"@id\":\"https:\/\/alumet.es\/servicios\/carpinteria-de-aluminio\/\",\"url\":\"https:\/\/alumet.es\/servicios\/carpinteria-de-aluminio\/\",\"name\":\"Carpinter\u00eda de aluminio | Alumet.es\",\"isPartOf\":{\"@id\":\"https:\/\/alumet.es\/#website\"},\"primaryImageOfPage\":{\"@id\":\"https:\/\/alumet.es\/servicios\/carpinteria-de-aluminio\/#primaryimage\"},\"image\":{\"@id\":\"https:\/\/alumet.es\/servicios\/carpinteria-de-aluminio\/#primaryimage\"},\"thumbnailUrl\":\"https:\/\/alumet.es\/wp-content\/uploads\/2023\/09\/WhatsApp-Image-2023-09-01-at-08.26.06.jpeg\",\"datePublished\":\"2023-08-16T14:28:43+00:00\",\"dateModified\":\"2024-08-18T17:17:32+00:00\",\"description\":\"Carpinter\u00eda de Aluminio Carpinter\u00eda en Aluminio | Alumet \u00bfVentanas y Puertas de Aluminio con Problemas? Alumet Tiene la Soluci\u00f3n Experimentar problemas\",\"breadcrumb\":{\"@id\":\"https:\/\/alumet.es\/servicios\/carpinteria-de-aluminio\/#breadcrumb\"},\"inLanguage\":\"en-GB\",\"potentialAction\":[{\"@type\":\"ReadAction\",\"target\":[\"https:\/\/alumet.es\/servicios\/carpinteria-de-aluminio\/\"]}]},{\"@type\":\"ImageObject\",\"inLanguage\":\"en-GB\",\"@id\":\"https:\/\/alumet.es\/servicios\/carpinteria-de-aluminio\/#primaryimage\",\"url\":\"https:\/\/alumet.es\/wp-content\/uploads\/2023\/09\/WhatsApp-Image-2023-09-01-at-08.26.06.jpeg\",\"contentUrl\":\"https:\/\/alumet.es\/wp-content\/uploads\/2023\/09\/WhatsApp-Image-2023-09-01-at-08.26.06.jpeg\"},{\"@type\":\"BreadcrumbList\",\"@id\":\"https:\/\/alumet.es\/servicios\/carpinteria-de-aluminio\/#breadcrumb\",\"itemListElement\":[{\"@type\":\"ListItem\",\"position\":1,\"name\":\"Portada\",\"item\":\"https:\/\/alumet.es\/\"},{\"@type\":\"ListItem\",\"position\":2,\"name\":\"Nuestros servicios\",\"item\":\"https:\/\/alumet.es\/servicios\/\"},{\"@type\":\"ListItem\",\"position\":3,\"name\":\"Carpinter\u00eda de aluminio\"}]},{\"@type\":\"WebSite\",\"@id\":\"https:\/\/alumet.es\/#website\",\"url\":\"https:\/\/alumet.es\/\",\"name\":\"Carpinter\u00eda de Aluminio y Met\u00e1lica en Alicante\",\"description\":\"Carpinteria de aluminio en Alicante. Ventanas, puertas y persianas en Aluminio. Reparaciones de Aluminio, Hierro y Acero Inoxidable. Calidad garantizada.\",\"publisher\":{\"@id\":\"https:\/\/alumet.es\/#organization\"},\"potentialAction\":[{\"@type\":\"SearchAction\",\"target\":{\"@type\":\"EntryPoint\",\"urlTemplate\":\"https:\/\/alumet.es\/?s={search_term_string}\"},\"query-input\":{\"@type\":\"PropertyValueSpecification\",\"valueRequired\":true,\"valueName\":\"search_term_string\"}}],\"inLanguage\":\"en-GB\"},{\"@type\":\"Organization\",\"@id\":\"https:\/\/alumet.es\/#organization\",\"name\":\"Alumet\",\"url\":\"https:\/\/alumet.es\/\",\"logo\":{\"@type\":\"ImageObject\",\"inLanguage\":\"en-GB\",\"@id\":\"https:\/\/alumet.es\/#\/schema\/logo\/image\/\",\"url\":\"https:\/\/alumet.es\/wp-content\/uploads\/2024\/01\/cropped-alumet.png\",\"contentUrl\":\"https:\/\/alumet.es\/wp-content\/uploads\/2024\/01\/cropped-alumet.png\",\"width\":127,\"height\":118,\"caption\":\"Alumet\"},\"image\":{\"@id\":\"https:\/\/alumet.es\/#\/schema\/logo\/image\/\"}}]}<\/script>\n<!-- \/ Yoast SEO plugin. -->","yoast_head_json":{"title":"Carpinter\u00eda de aluminio | Alumet.es","description":"Carpinter\u00eda de Aluminio Carpinter\u00eda en Aluminio | Alumet \u00bfVentanas y Puertas de Aluminio con Problemas? Alumet Tiene la Soluci\u00f3n Experimentar problemas","robots":{"index":"index","follow":"follow","max-snippet":"max-snippet:-1","max-image-preview":"max-image-preview:large","max-video-preview":"max-video-preview:-1"},"canonical":"https:\/\/alumet.es\/en\/servicios\/carpinteria-de-aluminio\/","og_locale":"en_GB","og_type":"article","og_title":"Carpinter\u00eda de aluminio | Alumet.es","og_description":"Carpinter\u00eda de Aluminio Carpinter\u00eda en Aluminio | Alumet \u00bfVentanas y Puertas de Aluminio con Problemas? Alumet Tiene la Soluci\u00f3n Experimentar problemas","og_url":"https:\/\/alumet.es\/en\/servicios\/carpinteria-de-aluminio\/","og_site_name":"Alumet","article_modified_time":"2024-08-18T17:17:32+00:00","og_image":[{"url":"https:\/\/alumet.es\/wp-content\/uploads\/2023\/09\/WhatsApp-Image-2023-09-01-at-08.26.06.jpeg","type":"","width":"","height":""}],"twitter_card":"summary_large_image","twitter_misc":{"Estimated reading time":"2 minutes"},"schema":{"@context":"https:\/\/schema.org","@graph":[{"@type":"WebPage","@id":"https:\/\/alumet.es\/servicios\/carpinteria-de-aluminio\/","url":"https:\/\/alumet.es\/servicios\/carpinteria-de-aluminio\/","name":"Carpinter\u00eda de aluminio | Alumet.es","isPartOf":{"@id":"https:\/\/alumet.es\/#website"},"primaryImageOfPage":{"@id":"https:\/\/alumet.es\/servicios\/carpinteria-de-aluminio\/#primaryimage"},"image":{"@id":"https:\/\/alumet.es\/servicios\/carpinteria-de-aluminio\/#primaryimage"},"thumbnailUrl":"https:\/\/alumet.es\/wp-content\/uploads\/2023\/09\/WhatsApp-Image-2023-09-01-at-08.26.06.jpeg","datePublished":"2023-08-16T14:28:43+00:00","dateModified":"2024-08-18T17:17:32+00:00","description":"Carpinter\u00eda de Aluminio Carpinter\u00eda en Aluminio | Alumet \u00bfVentanas y Puertas de Aluminio con Problemas? Alumet Tiene la Soluci\u00f3n Experimentar problemas","breadcrumb":{"@id":"https:\/\/alumet.es\/servicios\/carpinteria-de-aluminio\/#breadcrumb"},"inLanguage":"en-GB","potentialAction":[{"@type":"ReadAction","target":["https:\/\/alumet.es\/servicios\/carpinteria-de-aluminio\/"]}]},{"@type":"ImageObject","inLanguage":"en-GB","@id":"https:\/\/alumet.es\/servicios\/carpinteria-de-aluminio\/#primaryimage","url":"https:\/\/alumet.es\/wp-content\/uploads\/2023\/09\/WhatsApp-Image-2023-09-01-at-08.26.06.jpeg","contentUrl":"https:\/\/alumet.es\/wp-content\/uploads\/2023\/09\/WhatsApp-Image-2023-09-01-at-08.26.06.jpeg"},{"@type":"BreadcrumbList","@id":"https:\/\/alumet.es\/servicios\/carpinteria-de-aluminio\/#breadcrumb","itemListElement":[{"@type":"ListItem","position":1,"name":"Portada","item":"https:\/\/alumet.es\/"},{"@type":"ListItem","position":2,"name":"Nuestros servicios","item":"https:\/\/alumet.es\/servicios\/"},{"@type":"ListItem","position":3,"name":"Carpinter\u00eda de aluminio"}]},{"@type":"WebSite","@id":"https:\/\/alumet.es\/#website","url":"https:\/\/alumet.es\/","name":"Carpinter\u00eda de Aluminio y Met\u00e1lica en Alicante","description":"Carpinteria de aluminio en Alicante. Ventanas, puertas y persianas en Aluminio. Reparaciones de Aluminio, Hierro y Acero Inoxidable. Calidad garantizada.","publisher":{"@id":"https:\/\/alumet.es\/#organization"},"potentialAction":[{"@type":"SearchAction","target":{"@type":"EntryPoint","urlTemplate":"https:\/\/alumet.es\/?s={search_term_string}"},"query-input":{"@type":"PropertyValueSpecification","valueRequired":true,"valueName":"search_term_string"}}],"inLanguage":"en-GB"},{"@type":"Organization","@id":"https:\/\/alumet.es\/#organization","name":"Alumet","url":"https:\/\/alumet.es\/","logo":{"@type":"ImageObject","inLanguage":"en-GB","@id":"https:\/\/alumet.es\/#\/schema\/logo\/image\/","url":"https:\/\/alumet.es\/wp-content\/uploads\/2024\/01\/cropped-alumet.png","contentUrl":"https:\/\/alumet.es\/wp-content\/uploads\/2024\/01\/cropped-alumet.png","width":127,"height":118,"caption":"Alumet"},"image":{"@id":"https:\/\/alumet.es\/#\/schema\/logo\/image\/"}}]}},"_links":{"self":[{"href":"https:\/\/alumet.es\/en\/wp-json\/wp\/v2\/pages\/634","targetHints":{"allow":["GET"]}}],"collection":[{"href":"https:\/\/alumet.es\/en\/wp-json\/wp\/v2\/pages"}],"about":[{"href":"https:\/\/alumet.es\/en\/wp-json\/wp\/v2\/types\/page"}],"author":[{"embeddable":true,"href":"https:\/\/alumet.es\/en\/wp-json\/wp\/v2\/users\/1"}],"replies":[{"embeddable":true,"href":"https:\/\/alumet.es\/en\/wp-json\/wp\/v2\/comments?post=634"}],"version-history":[{"count":149,"href":"https:\/\/alumet.es\/en\/wp-json\/wp\/v2\/pages\/634\/revisions"}],"predecessor-version":[{"id":5483,"href":"https:\/\/alumet.es\/en\/wp-json\/wp\/v2\/pages\/634\/revisions\/5483"}],"up":[{"embeddable":true,"href":"https:\/\/alumet.es\/en\/wp-json\/wp\/v2\/pages\/183"}],"wp:attachment":[{"href":"https:\/\/alumet.es\/en\/wp-json\/wp\/v2\/media?parent=634"}],"curies":[{"name":"wp","href":"https:\/\/api.w.org\/{rel}","templated":true}]}}